{"id":31,"date":"2013-05-16T03:01:40","date_gmt":"2013-05-16T03:01:40","guid":{"rendered":"http:\/\/www.implamet.com\/site\/?page_id=31"},"modified":"2013-10-07T19:37:31","modified_gmt":"2013-10-08T00:37:31","slug":"contacto","status":"publish","type":"page","link":"http:\/\/www.implamet.com\/site\/contacto\/","title":{"rendered":"<!--:es-->Contacto<!--:--><!--:en-->Contact<!--:-->"},"content":{"rendered":"<p><!--:es-->Ingenier\u00eda de Pl\u00e1sticos y Metales, S.A. de C.V.<\/p>\n<div class=\"symple-column symple-one-half symple-column-first \">\nAntonio En\u00f3s Gal\u00e1n Palacios Rivera<\/p>\n<h3>Direcci\u00f3n<\/h3>\n<p>Diagonal del Ferrocarril #309 Col. Santiago Momoxpan, San Pedro Cholula, Puebla.<\/div>\n<div class=\"symple-column symple-one-half symple-column-last \">\n<h3>Oficina<\/h3>\n<p>+52 (222) 285 1330<\/p>\n<h3>E-mail<\/h3>\n<p>ventas@implamet.com<\/div><!--:--><!--:en-->Ingenier\u00eda de Pl\u00e1sticos y Metales, S.A. de C.V.<\/p>\n<div class=\"symple-column symple-one-half symple-column-first \">\nAntonio En\u00f3s Gal\u00e1n Palacios Rivera<\/p>\n<h3>Address<\/h3>\n<p>Diagonal del Ferrocarril #309 Col. Santiago Momoxpan, San Pedro Cholula, Puebla.<\/div>\n<div class=\"symple-column symple-one-half symple-column-last \">\n<h3>Office<\/h3>\n<p>+52 (222) 285 1330<\/p>\n<h3>E-mail<\/h3>\n<p>ventas@implamet.com<\/div><!--:--><\/p>\n<p><iframe src=\"http:\/\/mapsengine.google.com\/map\/embed?mid=zl3MKtKqPXyY.kIkCuJuFo-OA\" width=\"960\" height=\"300\"><\/iframe><\/p>\n","protected":false},"excerpt":{"rendered":"<p>Ingenier\u00eda de Pl\u00e1sticos y Metales, S.A. de C.V. Ingenier\u00eda de Pl\u00e1sticos y Metales, S.A. de C.V.<\/p>\n","protected":false},"author":1,"featured_media":0,"parent":0,"menu_order":0,"comment_status":"closed","ping_status":"open","template":"templates\/template-fullwidth.php","meta":{"site-sidebar-layout":"default","site-content-layout":"","ast-site-content-layout":"default","site-content-style":"default","site-sidebar-style":"default","ast-global-header-display":"","ast-banner-title-visibility":"","ast-main-header-display":"","ast-hfb-above-header-display":"","ast-hfb-below-header-display":"","ast-hfb-mobile-header-display":"","site-post-title":"","ast-breadcrumbs-content":"","ast-featured-img":"","footer-sml-layout":"","ast-disable-related-posts":"","theme-transparent-header-meta":"","adv-header-id-meta":"","stick-header-meta":"","header-above-stick-meta":"","header-main-stick-meta":"","header-below-stick-meta":"","astra-migrate-meta-layouts":"default","ast-page-background-enabled":"default","ast-page-background-meta":{"desktop":{"background-color":"var(--ast-global-color-5)","background-image":"","background-repeat":"repeat","background-position":"center center","background-size":"auto","background-attachment":"scroll","background-type":"","background-media":"","overlay-type":"","overlay-color":"","overlay-opacity":"","overlay-gradient":""},"tablet":{"background-color":"","background-image":"","background-repeat":"repeat","background-position":"center center","background-size":"auto","background-attachment":"scroll","background-type":"","background-media":"","overlay-type":"","overlay-color":"","overlay-opacity":"","overlay-gradient":""},"mobile":{"background-color":"","background-image":"","background-repeat":"repeat","background-position":"center center","background-size":"auto","background-attachment":"scroll","background-type":"","background-media":"","overlay-type":"","overlay-color":"","overlay-opacity":"","overlay-gradient":""}},"ast-content-background-meta":{"desktop":{"background-color":"var(--ast-global-color-4)","background-image":"","background-repeat":"repeat","background-position":"center center","background-size":"auto","background-attachment":"scroll","background-type":"","background-media":"","overlay-type":"","overlay-color":"","overlay-opacity":"","overlay-gradient":""},"tablet":{"background-color":"var(--ast-global-color-4)","background-image":"","background-repeat":"repeat","background-position":"center center","background-size":"auto","background-attachment":"scroll","background-type":"","background-media":"","overlay-type":"","overlay-color":"","overlay-opacity":"","overlay-gradient":""},"mobile":{"background-color":"var(--ast-global-color-4)","background-image":"","background-repeat":"repeat","background-position":"center center","background-size":"auto","background-attachment":"scroll","background-type":"","background-media":"","overlay-type":"","overlay-color":"","overlay-opacity":"","overlay-gradient":""}},"footnotes":""},"class_list":["post-31","page","type-page","status-publish","hentry"],"aioseo_notices":[],"_links":{"self":[{"href":"http:\/\/www.implamet.com\/site\/wp-json\/wp\/v2\/pages\/31","targetHints":{"allow":["GET"]}}],"collection":[{"href":"http:\/\/www.implamet.com\/site\/wp-json\/wp\/v2\/pages"}],"about":[{"href":"http:\/\/www.implamet.com\/site\/wp-json\/wp\/v2\/types\/page"}],"author":[{"embeddable":true,"href":"http:\/\/www.implamet.com\/site\/wp-json\/wp\/v2\/users\/1"}],"replies":[{"embeddable":true,"href":"http:\/\/www.implamet.com\/site\/wp-json\/wp\/v2\/comments?post=31"}],"version-history":[{"count":9,"href":"http:\/\/www.implamet.com\/site\/wp-json\/wp\/v2\/pages\/31\/revisions"}],"predecessor-version":[{"id":429,"href":"http:\/\/www.implamet.com\/site\/wp-json\/wp\/v2\/pages\/31\/revisions\/429"}],"wp:attachment":[{"href":"http:\/\/www.implamet.com\/site\/wp-json\/wp\/v2\/media?parent=31"}],"curies":[{"name":"wp","href":"https:\/\/api.w.org\/{rel}","templated":true}]}}