{"id":251,"date":"2013-09-24T18:25:34","date_gmt":"2013-09-24T23:25:34","guid":{"rendered":"http:\/\/www.implamet.com\/site\/?page_id=251"},"modified":"2013-10-07T18:47:26","modified_gmt":"2013-10-07T23:47:26","slug":"tinas","status":"publish","type":"page","link":"http:\/\/www.implamet.com\/site\/manufactura\/tinas\/","title":{"rendered":"<!--:es-->Tinas<!--:--><!--:en-->Bins\/Bulks Containers<!--:-->"},"content":{"rendered":"<div id='gallery-1' class='gallery galleryid-251 gallery-columns-3 gallery-size-thumbnail'><figure class='gallery-item'>\n\t\t\t<div class='gallery-icon landscape'>\n\t\t\t\t<img decoding=\"async\" width=\"150\" height=\"150\" src=\"http:\/\/www.implamet.com\/site\/wp-content\/uploads\/implamet_tinas_01-150x150.jpg\" class=\"attachment-thumbnail size-thumbnail\" alt=\"\" \/>\n\t\t\t<\/div><\/figure><figure class='gallery-item'>\n\t\t\t<div class='gallery-icon landscape'>\n\t\t\t\t<img decoding=\"async\" width=\"150\" height=\"150\" src=\"http:\/\/www.implamet.com\/site\/wp-content\/uploads\/implamet_tinas_02-150x150.jpg\" class=\"attachment-thumbnail size-thumbnail\" alt=\"\" \/>\n\t\t\t<\/div><\/figure><figure class='gallery-item'>\n\t\t\t<div class='gallery-icon landscape'>\n\t\t\t\t<img decoding=\"async\" width=\"150\" height=\"150\" src=\"http:\/\/www.implamet.com\/site\/wp-content\/uploads\/implamet_tinas_03-150x150.jpg\" class=\"attachment-thumbnail size-thumbnail\" alt=\"\" \/>\n\t\t\t<\/div><\/figure>\n\t\t<\/div>\n\n<p><!--:es-->Son los empaques est\u00e1ndar por excelencia para el manejo de piezas a granel o auxiliares. Podemos dise\u00f1ar su cat\u00e1logo desde tinas fijas , articulables y de medidas variadas. El enfoque fuerte es la durabilidad y el aumento de espacios libres en almac\u00e9n.<!--:--><br \/>\n<!--:en-->Are the most common type of container found . Excellent for bulk presentations and for auxiliaries. We can design your catalogue from fixed bulk containers, collapsible ones in any size. The purpose with this devices is durability and optimization of warehouse.<!--:--><\/p>\n","protected":false},"excerpt":{"rendered":"<p>Son los empaques est\u00e1ndar por excelencia para el manejo de piezas a granel o auxiliares. Podemos dise\u00f1ar su cat\u00e1logo desde [&hellip;]<\/p>\n","protected":false},"author":1,"featured_media":0,"parent":13,"menu_order":5,"comment_status":"closed","ping_status":"open","template":"templates\/template-fullwidth.php","meta":{"site-sidebar-layout":"default","site-content-layout":"","ast-site-content-layout":"default","site-content-style":"default","site-sidebar-style":"default","ast-global-header-display":"","ast-banner-title-visibility":"","ast-main-header-display":"","ast-hfb-above-header-display":"","ast-hfb-below-header-display":"","ast-hfb-mobile-header-display":"","site-post-title":"","ast-breadcrumbs-content":"","ast-featured-img":"","footer-sml-layout":"","ast-disable-related-posts":"","theme-transparent-header-meta":"","adv-header-id-meta":"","stick-header-meta":"","header-above-stick-meta":"","header-main-stick-meta":"","header-below-stick-meta":"","astra-migrate-meta-layouts":"default","ast-page-background-enabled":"default","ast-page-background-meta":{"desktop":{"background-color":"var(--ast-global-color-5)","background-image":"","background-repeat":"repeat","background-position":"center center","background-size":"auto","background-attachment":"scroll","background-type":"","background-media":"","overlay-type":"","overlay-color":"","overlay-opacity":"","overlay-gradient":""},"tablet":{"background-color":"","background-image":"","background-repeat":"repeat","background-position":"center center","background-size":"auto","background-attachment":"scroll","background-type":"","background-media":"","overlay-type":"","overlay-color":"","overlay-opacity":"","overlay-gradient":""},"mobile":{"background-color":"","background-image":"","background-repeat":"repeat","background-position":"center center","background-size":"auto","background-attachment":"scroll","background-type":"","background-media":"","overlay-type":"","overlay-color":"","overlay-opacity":"","overlay-gradient":""}},"ast-content-background-meta":{"desktop":{"background-color":"var(--ast-global-color-4)","background-image":"","background-repeat":"repeat","background-position":"center center","background-size":"auto","background-attachment":"scroll","background-type":"","background-media":"","overlay-type":"","overlay-color":"","overlay-opacity":"","overlay-gradient":""},"tablet":{"background-color":"var(--ast-global-color-4)","background-image":"","background-repeat":"repeat","background-position":"center center","background-size":"auto","background-attachment":"scroll","background-type":"","background-media":"","overlay-type":"","overlay-color":"","overlay-opacity":"","overlay-gradient":""},"mobile":{"background-color":"var(--ast-global-color-4)","background-image":"","background-repeat":"repeat","background-position":"center center","background-size":"auto","background-attachment":"scroll","background-type":"","background-media":"","overlay-type":"","overlay-color":"","overlay-opacity":"","overlay-gradient":""}},"footnotes":""},"class_list":["post-251","page","type-page","status-publish","hentry"],"aioseo_notices":[],"_links":{"self":[{"href":"http:\/\/www.implamet.com\/site\/wp-json\/wp\/v2\/pages\/251","targetHints":{"allow":["GET"]}}],"collection":[{"href":"http:\/\/www.implamet.com\/site\/wp-json\/wp\/v2\/pages"}],"about":[{"href":"http:\/\/www.implamet.com\/site\/wp-json\/wp\/v2\/types\/page"}],"author":[{"embeddable":true,"href":"http:\/\/www.implamet.com\/site\/wp-json\/wp\/v2\/users\/1"}],"replies":[{"embeddable":true,"href":"http:\/\/www.implamet.com\/site\/wp-json\/wp\/v2\/comments?post=251"}],"version-history":[{"count":2,"href":"http:\/\/www.implamet.com\/site\/wp-json\/wp\/v2\/pages\/251\/revisions"}],"predecessor-version":[{"id":425,"href":"http:\/\/www.implamet.com\/site\/wp-json\/wp\/v2\/pages\/251\/revisions\/425"}],"up":[{"embeddable":true,"href":"http:\/\/www.implamet.com\/site\/wp-json\/wp\/v2\/pages\/13"}],"wp:attachment":[{"href":"http:\/\/www.implamet.com\/site\/wp-json\/wp\/v2\/media?parent=251"}],"curies":[{"name":"wp","href":"https:\/\/api.w.org\/{rel}","templated":true}]}}