{"id":245,"date":"2013-09-24T18:24:12","date_gmt":"2013-09-24T23:24:12","guid":{"rendered":"http:\/\/www.implamet.com\/site\/?page_id=245"},"modified":"2013-10-07T18:44:24","modified_gmt":"2013-10-07T23:44:24","slug":"dollies","status":"publish","type":"page","link":"http:\/\/www.implamet.com\/site\/manufactura\/dollies\/","title":{"rendered":"<!--:es-->Dollies<!--:--><!--:en-->Dollies<!--:-->"},"content":{"rendered":"<div id='gallery-1' class='gallery galleryid-245 gallery-columns-3 gallery-size-thumbnail'><figure class='gallery-item'>\n\t\t\t<div class='gallery-icon landscape'>\n\t\t\t\t<img decoding=\"async\" width=\"150\" height=\"150\" src=\"http:\/\/www.implamet.com\/site\/wp-content\/uploads\/implamet_dollie_03-150x150.jpg\" class=\"attachment-thumbnail size-thumbnail\" alt=\"\" \/>\n\t\t\t<\/div><\/figure><figure class='gallery-item'>\n\t\t\t<div class='gallery-icon portrait'>\n\t\t\t\t<img decoding=\"async\" width=\"150\" height=\"150\" src=\"http:\/\/www.implamet.com\/site\/wp-content\/uploads\/implamet_dollie_02-150x150.jpg\" class=\"attachment-thumbnail size-thumbnail\" alt=\"\" \/>\n\t\t\t<\/div><\/figure><figure class='gallery-item'>\n\t\t\t<div class='gallery-icon landscape'>\n\t\t\t\t<img decoding=\"async\" width=\"150\" height=\"150\" src=\"http:\/\/www.implamet.com\/site\/wp-content\/uploads\/implamet_dollie_01-150x150.jpg\" class=\"attachment-thumbnail size-thumbnail\" alt=\"\" \/>\n\t\t\t<\/div><\/figure>\n\t\t<\/div>\n\n<p><!--:es-->Ofrecemos dise\u00f1ar su cadena de dollies resultando en el aprovechamiento de toda la ingenier\u00eda elevando su productividad. Fabricamos dollies con capacidad de carga elevada como ligera y un dise\u00f1o que permita cargar diferentes numeros de parte.<\/p>\n<p>El enfoque aqu\u00ed es versatilidad entre sus l\u00edneas de producci\u00f3n, resistencia fuera y dentro de nave, durabilidad y bajo costo de mantenimiento.<!--:--><!--:en-->We offer to design the dollies chain supply becoming in productivity using engineering. Heavy duty to light carts, allowing to carry almost every load.<\/p>\n<p>The focus is versatility between the production lines, resistance outdoors\/indoors durability and low maintenance cost.<!--:--><\/p>\n","protected":false},"excerpt":{"rendered":"<p>Ofrecemos dise\u00f1ar su cadena de dollies resultando en el aprovechamiento de toda la ingenier\u00eda elevando su productividad. Fabricamos dollies con [&hellip;]<\/p>\n","protected":false},"author":1,"featured_media":0,"parent":13,"menu_order":2,"comment_status":"closed","ping_status":"open","template":"templates\/template-fullwidth.php","meta":{"site-sidebar-layout":"default","site-content-layout":"","ast-site-content-layout":"default","site-content-style":"default","site-sidebar-style":"default","ast-global-header-display":"","ast-banner-title-visibility":"","ast-main-header-display":"","ast-hfb-above-header-display":"","ast-hfb-below-header-display":"","ast-hfb-mobile-header-display":"","site-post-title":"","ast-breadcrumbs-content":"","ast-featured-img":"","footer-sml-layout":"","ast-disable-related-posts":"","theme-transparent-header-meta":"","adv-header-id-meta":"","stick-header-meta":"","header-above-stick-meta":"","header-main-stick-meta":"","header-below-stick-meta":"","astra-migrate-meta-layouts":"default","ast-page-background-enabled":"default","ast-page-background-meta":{"desktop":{"background-color":"var(--ast-global-color-5)","background-image":"","background-repeat":"repeat","background-position":"center center","background-size":"auto","background-attachment":"scroll","background-type":"","background-media":"","overlay-type":"","overlay-color":"","overlay-opacity":"","overlay-gradient":""},"tablet":{"background-color":"","background-image":"","background-repeat":"repeat","background-position":"center center","background-size":"auto","background-attachment":"scroll","background-type":"","background-media":"","overlay-type":"","overlay-color":"","overlay-opacity":"","overlay-gradient":""},"mobile":{"background-color":"","background-image":"","background-repeat":"repeat","background-position":"center center","background-size":"auto","background-attachment":"scroll","background-type":"","background-media":"","overlay-type":"","overlay-color":"","overlay-opacity":"","overlay-gradient":""}},"ast-content-background-meta":{"desktop":{"background-color":"var(--ast-global-color-4)","background-image":"","background-repeat":"repeat","background-position":"center center","background-size":"auto","background-attachment":"scroll","background-type":"","background-media":"","overlay-type":"","overlay-color":"","overlay-opacity":"","overlay-gradient":""},"tablet":{"background-color":"var(--ast-global-color-4)","background-image":"","background-repeat":"repeat","background-position":"center center","background-size":"auto","background-attachment":"scroll","background-type":"","background-media":"","overlay-type":"","overlay-color":"","overlay-opacity":"","overlay-gradient":""},"mobile":{"background-color":"var(--ast-global-color-4)","background-image":"","background-repeat":"repeat","background-position":"center center","background-size":"auto","background-attachment":"scroll","background-type":"","background-media":"","overlay-type":"","overlay-color":"","overlay-opacity":"","overlay-gradient":""}},"footnotes":""},"class_list":["post-245","page","type-page","status-publish","hentry"],"aioseo_notices":[],"_links":{"self":[{"href":"http:\/\/www.implamet.com\/site\/wp-json\/wp\/v2\/pages\/245","targetHints":{"allow":["GET"]}}],"collection":[{"href":"http:\/\/www.implamet.com\/site\/wp-json\/wp\/v2\/pages"}],"about":[{"href":"http:\/\/www.implamet.com\/site\/wp-json\/wp\/v2\/types\/page"}],"author":[{"embeddable":true,"href":"http:\/\/www.implamet.com\/site\/wp-json\/wp\/v2\/users\/1"}],"replies":[{"embeddable":true,"href":"http:\/\/www.implamet.com\/site\/wp-json\/wp\/v2\/comments?post=245"}],"version-history":[{"count":2,"href":"http:\/\/www.implamet.com\/site\/wp-json\/wp\/v2\/pages\/245\/revisions"}],"predecessor-version":[{"id":422,"href":"http:\/\/www.implamet.com\/site\/wp-json\/wp\/v2\/pages\/245\/revisions\/422"}],"up":[{"embeddable":true,"href":"http:\/\/www.implamet.com\/site\/wp-json\/wp\/v2\/pages\/13"}],"wp:attachment":[{"href":"http:\/\/www.implamet.com\/site\/wp-json\/wp\/v2\/media?parent=245"}],"curies":[{"name":"wp","href":"https:\/\/api.w.org\/{rel}","templated":true}]}}